{"id":6658,"date":"2016-04-18T08:18:16","date_gmt":"2016-04-18T08:18:16","guid":{"rendered":"http:\/\/mehrblick.haus\/en\/datenschutzerklaerung"},"modified":"2024-08-27T16:31:53","modified_gmt":"2024-08-27T16:31:53","slug":"datenschutzerklaerung","status":"publish","type":"page","link":"https:\/\/mehrblick.haus\/en\/datenschutzerklaerung\/","title":{"rendered":"Datenschutzerkl\u00e4rung"},"content":{"rendered":"<div class=\"fusion-fullwidth fullwidth-box fusion-builder-row-1 fusion-flex-container nonhundred-percent-fullwidth non-hundred-percent-height-scrolling\" style=\"--awb-border-radius-top-left:0px;--awb-border-radius-top-right:0px;--awb-border-radius-bottom-right:0px;--awb-border-radius-bottom-left:0px;--awb-flex-wrap:wrap;\" ><div class=\"fusion-builder-row fusion-row fusion-flex-align-items-flex-start fusion-flex-content-wrap\" style=\"max-width:1248px;margin-left: calc(-4% \/ 2 );margin-right: calc(-4% \/ 2 );\"><div class=\"fusion-layout-column fusion_builder_column fusion-builder-column-0 fusion_builder_column_1_1 1_1 fusion-flex-column\" style=\"--awb-bg-size:cover;--awb-width-large:100%;--awb-margin-top-large:0px;--awb-spacing-right-large:1.92%;--awb-margin-bottom-large:0px;--awb-spacing-left-large:1.92%;--awb-width-medium:100%;--awb-spacing-right-medium:1.92%;--awb-spacing-left-medium:1.92%;--awb-width-small:100%;--awb-spacing-right-small:1.92%;--awb-spacing-left-small:1.92%;\"><div class=\"fusion-column-wrapper fusion-flex-justify-content-flex-start fusion-content-layout-column\"><div class=\"fusion-text fusion-text-1\"><h2>Datenschutzerkl\u00e4rung<\/h2>\n<p>Die Nutzung unserer Seite ist ohne eine Angabe von personenbezogenen Daten m\u00f6glich. F\u00fcr die Nutzung einzelner Services unserer Seite k\u00f6nnen sich hierf\u00fcr abweichende Regelungen ergeben, die in diesem Falle nachstehend gesondert erl\u00e4utert werden. Ihre personenbezogenen Daten (z.B. Name, Anschrift, E-Mail, Telefonnummer, u.\u00e4.) werden von uns nur gem\u00e4\u00df den Bestimmungen des deutschen Datenschutzrechts verarbeitet. Daten sind dann personenbezogen, wenn sie eindeutig einer bestimmten nat\u00fcrlichen Person zugeordnet werden k\u00f6nnen. Die rechtlichen Grundlagen des Datenschutzes finden Sie im Bundesdatenschutzgesetz (BDSG) und dem Telemediengesetz (TMG). Nachstehende Regelungen informieren Sie insoweit \u00fcber die Art, den Umfang und Zweck der Erhebung, die Nutzung und die Verarbeitung von personenbezogenen Daten durch den Anbieter<\/p>\n<p><strong>Mehrblick Haus<br \/>\n<\/strong>Ingrid Stolz Butzengrabenweg 9 a<br \/>\n77830 B\u00fchlertal<br \/>\nTel.: (+49) 0171 8990136<br \/>\nE-Mail: anfrage@mehrblick.haus<\/p>\n<p>Wir weisen darauf hin, dass die internetbasierte Daten\u00fcbertragung Sicherheitsl\u00fccken aufweist, ein l\u00fcckenloser Schutz vor Zugriffen durch Dritte somit unm\u00f6glich ist.<\/p>\n<h2>Cookies<\/h2>\n<p>Wir verwenden auf unserer Seite sog. Cookies zum Wiedererkennen mehrfacher Nutzung unseres Angebots, durch denselben Nutzer\/Internetanschlussinhaber. Cookies sind kleine Textdateien, die Ihr Internet-Browser auf Ihrem Rechner ablegt und speichert. Sie dienen dazu, unseren Internetauftritt und unsere Angebote zu optimieren. Es handelt sich dabei zumeist um sog. &#8220;Session-Cookies&#8221;, die nach dem Ende Ihres Besuches wieder gel\u00f6scht werden. Teilweise geben diese Cookies jedoch Informationen ab, um Sie automatisch wieder zu erkennen. Diese Wiedererkennung erfolgt aufgrund der in den Cookies gespeicherten IP-Adresse. Die so erlangten Informationen dienen dazu, unsere Angebote zu optimieren und Ihnen einen leichteren Zugang auf unsere Seite zu erm\u00f6glichen. Sie k\u00f6nnen die Installation der Cookies durch eine entsprechende Einstellung Ihres Browsers verhindern; wir weisen Sie jedoch darauf hin, dass Sie in diesem Fall gegebenenfalls nicht s\u00e4mtliche Funktionen unserer Website vollumf\u00e4nglich nutzen k\u00f6nnen.<\/p>\n<h2>Serverdaten<\/h2>\n<p>Aus technischen Gr\u00fcnden werden u.a. folgende Daten, die Ihr Internet-Browser an uns bzw. an unseren Webspace-Provider \u00fcbermittelt, erfasst (sogenannte Serverlogfiles): &#8211; Browsertyp und -version &#8211; verwendetes Betriebssystem &#8211; Webseite, von der aus Sie uns besuchen (Referrer URL) &#8211; Webseite, die Sie besuchen &#8211; Datum und Uhrzeit Ihres Zugriffs &#8211; Ihre Internet Protokoll (IP)-Adresse. Diese anonymen Daten werden getrennt von Ihren eventuell angegebenen personenbezogenen Daten gespeichert und lassen so keine R\u00fcckschl\u00fcsse auf eine bestimmte Person zu. Sie werden zu statistischen Zwecken ausgewertet, um unseren Internetauftritt und unsere Angebote optimieren zu k\u00f6nnen.<\/p>\n<h2>Kontaktm\u00f6glichkeit<\/h2>\n<p>Wir bieten Ihnen auf unserer Seite die M\u00f6glichkeit, mit uns per E-Mail und\/oder \u00fcber ein Kontaktformular in Verbindung zu treten. In diesem Fall werden die vom Nutzer gemachten Angaben zum Zwecke der Bearbeitung seiner Kontaktaufnahme gespeichert. Eine Weitergabe an Dritte erfolgt nicht. Ein Abgleich der so erhobenen Daten mit Daten, die m\u00f6glicherweise durch andere Komponenten unserer Seite erhoben werden, erfolgt ebenfalls nicht.<\/p>\n<h2>Einsatz von Google-Analytics mit Anonymisierungsfunktion<\/h2>\n<p>Wir setzen auf unserer Seite Google-Analytics, einen Webanalysedienst der Firma Google Inc., 1600 Amphitheatre Parkway, Mountain View, CA 94043 USA, nachfolgend \u201eGoogle\u201c ein. Google-Analytics verwendet sog. \u201eCookies\u201c, Textdateien, die auf Ihrem Computer gespeichert werden und hierdurch eine Analyse der Benutzung der Website durch Sie erm\u00f6glichen. Die durch diese Cookies erzeugten Informationen, beispielsweise Zeit, Ort und H\u00e4ufigkeit Ihres Webseiten-Besuchs einschlie\u00dflich Ihrer IP-Adresse, werden an Google in den USA \u00fcbertragen und dort gespeichert. Wir verwenden auf unserer Website Google-Analytics mit einer IP-Anonymisierungsfunktion. Ihre IP-Adresse wird in diesem Fall von Google schon innerhalb von Mitgliedstaaten der Europ\u00e4ischen Union oder in anderen Vertragsstaaten des Abkommens \u00fcber den Europ\u00e4ischen Wirtschaftsraum gek\u00fcrzt und dadurch anonymisiert. Google wird diese Informationen benutzen, um Ihre Nutzung unserer Seite auszuwerten, um Reports \u00fcber die Websiteaktivit\u00e4ten f\u00fcr uns zusammenzustellen und um weitere mit der Websitenutzung und der Internetnutzung verbundene Dienstleistungen zu erbringen. Auch wird Google diese Informationen gegebenenfalls an Dritte \u00fcbertragen, sofern dies gesetzlich vorgeschrieben oder soweit Dritte diese Daten im Auftrag von Google verarbeiten. Google wird, nach eigenen Angaben, in keinem Fall Ihre IP-Adresse mit anderen Daten von Google in Verbindung bringen. Sie k\u00f6nnen die Installation der Cookies durch eine entsprechende Einstellung Ihrer Browser-Software verhindern; wir weisen Sie jedoch darauf hin, dass Sie in diesem Fall gegebenenfalls nicht s\u00e4mtliche Funktionen unserer Website vollumf\u00e4nglich nutzen k\u00f6nnen. Des Weiteren bietet Google f\u00fcr die g\u00e4ngigsten Browser eine Deaktivierungsoption an, welche Ihnen mehr Kontrolle dar\u00fcber gibt, welche Daten von Google erfasst und verarbeitet werden. Sollte Sie diese Option aktivieren, werden keine Informationen zum Website-Besuch an Google Analytics \u00fcbermittelt. Die Aktivierung verhindert aber nicht, dass Informationen an uns oder an andere von uns gegebenenfalls eingesetzte Webanalyse-Services \u00fcbermittelt werden. Weitere Informationen zu der von Google bereitgestellten Deaktivierungsoption sowie zu der Aktivierung dieser Option, erhalten Sie \u00fcber nachfolgenden Link: <a href=\"https:\/\/tools.google.com\/dlpage\/gaoptout?hl=de\" target=\"_blank\" rel=\"nofollow noopener\">https:\/\/tools.google.com\/dlpage\/gaoptout?hl=de<\/a><\/p>\n<h2>Einsatz von Google+-Empfehlungs-Komponenten<\/h2>\n<p>Wir setzen auf unserer Seite die \u201e+1\u201c-Schaltfl\u00e4che des Anbieters Google+ der Firma Google Inc., 1600 Amphitheatre Parkway, Mountain View, CA 94043 USA, nachfolgend \u201eGoogle\u201c, ein. Bei jedem einzelnen Abruf unserer Webseite, die mit einer solchen \u201e+1\u201c-Komponente ausgestattet ist, veranlasst diese Komponente, dass der von Ihnen verwendete Browser eine entsprechende Darstellung der Komponente von Google herunterl\u00e4dt. Durch diesen Vorgang wird Google dar\u00fcber in Kenntnis gesetzt, welche konkrete Seite unseres Internetauftrittes gerade besucht wird. Entsprechend den Angaben von Google erfolgt eine weitergehende Auswertung Ihres Besuchs nicht f\u00fcr den Fall, dass Sie nicht in Ihrem Google-Konto eingeloggt sind. Wenn Sie unsere Seite aufrufen und w\u00e4hrenddessen bei Google eingeloggt sind, kann Google bei dem Best\u00e4tigen des \u201e+1&#8243;-Buttons Informationen \u00fcber Ihren Google-Account, die von Ihnen weiterempfohlene Webseite sowie Ihre IP-Adresse und andere browserbezogene Informationen erfassen. So kann Ihre \u201e+1\u201c-Empfehlung gespeichert und \u00f6ffentlich zug\u00e4nglich gemacht werden. Ihre somit abgegebene Google \u201e+1\u201c-Empfehlung kann dann als Hinweis zusammen mit Ihrem Accountnamen und gegebenenfalls mit Ihrem bei Google hinterlegten Foto in Google-Diensten, wie etwa in Suchergebnissen oder in Ihrem Google-Konto oder an sonstigen Stellen, wie z.B. auf Webseiten und Anzeigen im Internet, eingeblendet werden. Des Weiteren kann Google Ihren Besuch auf unserer Seite mit Ihren bei Google gespeicherten Daten verkn\u00fcpfen.\u00a0Google zeichnet diese Informationen auch auf, um die Google-Dienste weiter zu verbessern. Wollen Sie daher vorgenannte Erfassung durch Google bestm\u00f6glich verhindern, m\u00fcssen Sie sich vor dem Besuch unseres Internetauftrittes aus Ihrem Google-Konto abmelden. Die Datenschutzhinweise von Google zur \u201e+1\u201c-Schaltfl\u00e4che mit allen weiteren Informationen zur Erfassung, Weitergabe und Nutzung von Daten durch Google, zu Ihren diesbez\u00fcglichen Rechten sowie zu Ihren Profileinstellungsm\u00f6glichkeiten k\u00f6nnen Sie hier abrufen:\u00a0<a href=\"https:\/\/developers.google.com\/+\/web\/buttons-policy\" target=\"_blank\" rel=\"nofollow noopener\">https:\/\/developers.google.com\/+\/web\/buttons-policy<\/a><\/p>\n<h2>Einsatz von Google-Maps<\/h2>\n<p>Wir setzen auf unserer Seite die Komponente &#8220;Google Maps&#8221; der Firma Google Inc., 1600 Amphitheatre Parkway, Mountain View, CA 94043 USA, nachfolgend \u201eGoogle\u201c, ein. Bei jedem einzelnen Aufruf der Komponente &#8220;Google Maps&#8221; wird von Google ein Cookie gesetzt, um bei der Anzeige der Seite, auf der die Komponente &#8220;Google Maps&#8221; integriert ist, Nutzereinstellungen und -daten zu verarbeiten. Dieses Cookie wird im Regelfall nicht durch das Schlie\u00dfen des Browsers gel\u00f6scht, sondern l\u00e4uft nach einer bestimmten Zeit ab, soweit es nicht von Ihnen zuvor manuell gel\u00f6scht wird. Wenn Sie mit dieser Verarbeitung Ihrer Daten nicht einverstanden sind, so besteht die M\u00f6glichkeit, den Service von &#8220;Google Maps&#8221; zu deaktivieren und auf diesem Weg die \u00dcbertragung von Daten an Google zu verhindern. Dazu m\u00fcssen Sie die Java-Script-Funktion in Ihrem Browser deaktivieren. Wir weisen Sie jedoch darauf hin, dass Sie in diesem Fall die &#8220;Google Maps&#8221; nicht oder nur eingeschr\u00e4nkt nutzen k\u00f6nnen. Die Nutzung von &#8220;Google Maps&#8221; und der \u00fcber &#8220;Google Maps&#8221; erlangten Informationen erfolgt gem\u00e4\u00df den\u00a0Google-Nutzungsbedingungen <a href=\"http:\/\/www.google.de\/intl\/de\/policies\/terms\/regional.html\" target=\"_blank\" rel=\"nofollow noopener\">http:\/\/www.google.de\/intl\/de\/policies\/terms\/regional.html<\/a> sowie der zus\u00e4tzlichen\u00a0Gesch\u00e4ftsbedingungen f\u00fcr \u201eGoogle Maps\u201c <a href=\"https:\/\/www.google.com\/intl\/de_de\/help\/terms_maps.html\" target=\"_blank\" rel=\"nofollow noopener\">https:\/\/www.google.com\/intl\/de_de\/help\/terms_maps.html<\/a>.<\/p>\n<h2>Einsatz von facebook-Komponenten<\/h2>\n<p>Wir setzen auf unserer Seite Komponenten des Anbieters facebook.com ein. Facebook ist ein Service der facebook Inc., 1601 S. California Ave, Palo Alto, CA 94304, USA. Bei jedem einzelnen Abruf unserer Webseite, die mit einer solchen Komponente ausgestattet ist, veranlasst diese Komponente, dass der von Ihnen verwendete Browser eine entsprechende Darstellung der Komponente von facebook herunterl\u00e4dt. Durch diesen Vorgang wird facebook dar\u00fcber in Kenntnis gesetzt, welche konkrete Seite unserer Internetpr\u00e4senz gerade durch Sie besucht wird. Wenn Sie unsere Seite aufrufen und w\u00e4hrenddessen bei facebook eingeloggt sind, erkennt facebook durch die von der Komponente gesammelte Information, welche konkrete Seite Sie besuchen und ordnet diese Informationen Ihrem pers\u00f6nlichen Account auf facebook zu. Klicken Sie z.B. den \u00a0\u201eGef\u00e4llt mir\u201c-Button an oder geben Sie entsprechende Kommentare ab, werden diese Informationen an Ihr pers\u00f6nliches Benutzerkonto auf facebook \u00fcbermittelt und dort gespeichert. Dar\u00fcber hinaus wird die Information, dass Sie unsere Seite besucht haben, an facebook weiter gegeben. Dies geschieht unabh\u00e4ngig davon, ob Sie die Komponente anklicken oder nicht. Wenn Sie diese \u00dcbermittlung und Speicherung von Daten \u00fcber Sie und Ihr Verhalten auf unserer Webseite durch facebook unterbinden wollen, m\u00fcssen Sie sich bei facebook ausloggen und zwar bevor Sie unsere Seite besuchen. Die Datenschutzhinweise von facebook geben hierzu n\u00e4here Informationen, insbesondere zur Erhebung und Nutzung der Daten durch facebook, zu Ihren diesbez\u00fcglichen Rechten sowie zu den Einstellungsm\u00f6glichkeiten zum Schutz Ihrer Privatsph\u00e4re: <a href=\"https:\/\/de-de.facebook.com\/about\/privacy\/\" target=\"_blank\" rel=\"nofollow noopener\">https:\/\/de-de.facebook.com\/about\/privacy\/<\/a> Eine \u00dcbersicht \u00fcber die Facebook-Plugins finden Sie unter <a href=\"https:\/\/developers.facebook.com\/docs\/plugins\/\" target=\"_blank\" rel=\"nofollow noopener\">https:\/\/developers.facebook.com\/docs\/plugins\/<\/a><\/p>\n<h2>Einsatz der Twitter-Empfehlungs-Komponenten<\/h2>\n<p>Wir setzen auf unserer Seite Komponenten des Anbieters Twitter ein. Twitter ist ein Service der Twitter Inc., 795 Folsom St., Suite 600, San Francisco, CA 94107, USA. Bei jedem einzelnen Abruf unserer Webseite, die mit einer solchen Komponente ausgestattet ist, veranlasst diese Komponente, dass der von Ihnen verwendete Browser eine entsprechende Darstellung der Komponente von Twitter herunterl\u00e4dt. Durch diesen Vorgang wird Twitter dar\u00fcber in Kenntnis gesetzt, welche konkrete Seite unserer Internetpr\u00e4senz gerade besucht wird. Wir haben weder Einfluss auf die Daten, die Twitter hierdurch erhebt, noch \u00fcber den Umfang dieser durch Twitter erhobenen Daten. Nach unserem Kenntnisstand wird von Twitter die URL der jeweiligen aufgerufenen Webseite sowie IP-Adresse des Nutzers erhoben, jedoch nicht f\u00fcr andere Zwecke, als die Darstellung der Twitter- Komponente, genutzt. Weitere Informationen hierzu finden sich in der Datenschutzerkl\u00e4rung von Twitter unter <a href=\"http:\/\/twitter.com\/privacy\" target=\"_blank\" rel=\"nofollow noopener\">http:\/\/twitter.com\/privacy<\/a>. Ihre Datenschutzeinstellungen k\u00f6nnen Sie in den Konto-Einstellungen unter <a href=\"http:\/\/twitter.com\/account\/settings\" target=\"_blank\" rel=\"nofollow noopener\">http:\/\/twitter.com\/account\/settings<\/a> \u00e4ndern.<\/p>\n<h2>Einsatz der Xing-Empfehlungs-Komponenten<\/h2>\n<p>Wir setzen auf unserer Seite Komponenten des Netzwerks XING.com ein. Diese Komponenten sind ein Service der XING AG, Dammtorstra\u00dfe 29-32, 20354 Hamburg, Deutschland. Bei jedem einzelnen Abruf unserer Webseite, die mit einer solchen Komponente ausgestattet ist, veranlasst diese Komponente, dass der von Ihnen verwendete Browser eine entsprechende Darstellung der Komponente von XING herunterl\u00e4dt. Nach unserem Kenntnisstand werden von XING keine personenbezogenen Daten des Nutzers \u00fcber den Aufruf unserer Webseite gespeichert. Ebenfalls speichert XING keine IP-Adressen. Zudem findet auch keine Auswertung des Nutzungsverhaltens \u00fcber die Verwendung von Cookies im Zusammenhang mit dem \u201cXING Share-Button\u201d statt. Weitere Informationen hierzu finden sich in den Datenschutzhinweisen f\u00fcr den XING Share-Button unter: <a href=\"https:\/\/www.xing.com\/app\/share?op=data_protection\" target=\"_blank\" rel=\"nofollow noopener\">https:\/\/www.xing.com\/app\/share?op=data_protection<\/a><\/p>\n<h2>Einsatz von YouTube-Komponenten mit erweitertem Datenschutzmodus<\/h2>\n<p>Auf unserer Webseite setzen wir Komponenten (Videos) des Unternehmens YouTube, LLC 901 Cherry Ave., 94066 San Bruno, CA, USA, einem Unternehmen der Google Inc., Amphitheatre Parkway, Mountain View, CA 94043, USA, ein. Hierbei nutzen wir die von YouTube zur Verf\u00fcgung gestellte Option &#8221; &#8211; erweiterter Datenschutzmodus &#8211; &#8220;. Wenn Sie eine Seite aufrufen, die \u00fcber ein eingebettetes Video verf\u00fcgt, wird eine Verbindung zu den YouTube-Servern hergestellt und dabei der Inhalt durch Mitteilung an Ihren Browser auf der Internetseite dargestellt. Laut den Angaben von YouTube werden im &#8221; &#8211; erweiterten Datenschutzmodus -&#8221; nur Daten an den YouTube-Server \u00fcbermittelt, insbesondere welche unserer Internetseiten Sie besucht haben, wenn Sie das Video anschauen. Sind Sie gleichzeitig bei YouTube eingeloggt, werden diese Informationen Ihrem Mitgliedskonto bei YouTube zugeordnet. Dies k\u00f6nnen Sie verhindern, indem Sie sich vor dem Besuch unserer Website von Ihrem Mitgliedskonto abmelden. Weitere Informationen zum Datenschutz von YouTube werden von Google unter dem folgenden Link bereitgestellt: <a href=\"https:\/\/www.google.de\/intl\/de\/policies\/privacy\/\" target=\"_blank\" rel=\"nofollow noopener\">https:\/\/www.google.de\/intl\/de\/policies\/privacy\/<\/a><\/p>\n<p class=\"fusion-responsive-typography-calculated\" data-fontsize=\"17\" data-lineheight=\"23.9667px\"><strong>Kontaktformular und Email-Kontakt<\/strong><\/p>\n<p><strong>1. <\/strong><strong>Beschreibung und Umfang der Datenverarbeitung<\/strong><\/p>\n<p>Auf unserer Internetseite ist ein Kontaktformular vorhanden, welches f\u00fcr die elektronische Kontaktaufnahme genutzt werden kann. Nimmt ein Nutzer diese M\u00f6glichkeit wahr, so werden die in der Eingabemaske eingegeben Daten an uns \u00fcbermittelt und gespeichert.<\/p>\n<p>Im Zeitpunkt der Absendung der Nachricht werden zudem folgende Daten gespeichert:<\/p>\n<ol>\n<li>\n<ul>\n<li>Emailadresse<\/li>\n<li>Name<\/li>\n<\/ul>\n<\/li>\n<\/ol>\n<p>F\u00fcr die Verarbeitung der Daten wird im Rahmen des Absendevorgangs Ihre Einwilligung eingeholt und auf diese Datenschutzerkl\u00e4rung verwiesen.<\/p>\n<p>Alternativ ist eine Kontaktaufnahme \u00fcber die bereitgestellte Emailadresse m\u00f6glich. In diesem Fall werden die mit der Email \u00fcbermittelten personenbezogenen Daten des Nutzers gespeichert.<\/p>\n<p>Es erfolgt in diesem Zusammenhang keine Weitergabe der Daten an Dritte. Die Daten werden ausschlie\u00dflich f\u00fcr die Verarbeitung der Konversation verwendet.<\/p>\n<p><strong>Einsatz von Google Webfonts<\/strong><\/p>\n<p><strong>1. Umfang der Verarbeitung personenbezogener Daten<\/strong><\/p>\n<p>Zur optisch verbesserten Darstellung verschiedener Informationen auf dieser Website werden Google Webfonts (<a href=\"https:\/\/www.google.com\/webfonts\/\" target=\"_blank\" rel=\"noopener\">https:\/\/www.google.com\/webfonts\/<\/a>) verwendet. Die Webfonts werden dabei beim Aufruf der Seite in den Cache des Browsers \u00fcbertragen, um sie f\u00fcr die Darstellung nutzen zu k\u00f6nnen. Falls der Browser die Google Webfonts nicht unterst\u00fctzt oder den Zugriff unterbindet, wird der Text in einer Standardschrift angezeigt.<\/p>\n<p>Beim Aufruf der Seite werden beim Website-Besucher keine Cookies. Daten, die im Zusammenhang mit dem Seitenaufruf \u00fcbermittelt werden, werden auf ressourcenspezifische Domains wie fonts.googleapis.com oder fonts.gstatic.com gesendet. Sie werden nicht mit Daten in Verbindung gebracht, die ggf. im Zusammenhang mit der parallelen Nutzung von authentifizierten Google-Diensten wie Gmail erhoben oder genutzt werden.<\/p>\n<p>Auch wird die IP-Adresse des Browsers des Endger\u00e4tes des Besuchers dieser Internetseiten von Google gespeichert.<\/p>\n<h2>Einsatz von Google-Adwords<\/h2>\n<p>Wir setzen zur Bewerbung unserer Website ferner das Google Werbetool &#8220;Google-Adwords&#8221; ein. Im Rahmen dessen verwenden wir auf unserer Website den Analysedienst &#8220;Conversion-Tracking&#8221; der Firma Google Inc., 1600 Amphitheatre Parkway, Mountain View, CA 94043 USA, nachfolgend \u201eGoogle\u201c. Sofern Sie \u00fcber eine Google-Anzeige auf unsere Webseite gelangt sind, wird ein Cookie auf Ihrem Rechner abgelegt. Cookies sind kleine Textdateien, die Ihr Internet-Browser auf Ihrem Rechner ablegt und speichert. Diese sog. &#8220;Conversion- Cookies&#8221; verlieren nach 30 Tagen ihre G\u00fcltigkeit und dienen nicht Ihrer pers\u00f6nlichen Identifikation. Besuchen Sie bestimmte Seiten unserer Website und das Cookie ist noch nicht abgelaufen, k\u00f6nnen wir und Google erkennen, dass Sie als Nutzer auf eine unserer bei Google platzierten Anzeigen geklickt haben und zu unserer Seite weitergeleitet wurden. Die mit Hilfe der &#8220;Conversion-Cookies&#8221; eingeholten Informationen dienen Google dazu, Besuchs-Statistiken f\u00fcr unsere Website zu erstellen. Wir erfahren durch diese Statistik die Gesamtanzahl der Nutzer, die auf unsere Anzeige geklickt haben und zudem welche Seiten unserer Website vom jeweiligen Nutzer im Anschluss aufgerufen wurden. Wir bzw. andere \u00fcber &#8220;Google-Adwords&#8221; Werbende erhalten jedoch keinerlei Informationen, mit denen sich Nutzer pers\u00f6nlich identifizieren lassen. Sie k\u00f6nnen die Installation der &#8220;Conversion-Cookies&#8221; durch eine entsprechende Einstellung Ihres Browsers verhindern, etwa per Browser-Einstellung, die das automatische Setzen von Cookies generell deaktiviert oder speziell nur die Cookies von der Domain &#8220;googleadservices.com\u201c blockiert. Die diesbez\u00fcgliche Datenschutzerkl\u00e4rung von Google erhalten Sie unter nachfolgendem Link: <a href=\"https:\/\/services.google.com\/sitestats\/de.html\" target=\"_blank\" rel=\"nofollow noopener\">https:\/\/services.google.com\/sitestats\/de.html<\/a><\/p>\n<h2>Einsatz von Google Remarketing<\/h2>\n<p>Wir setzen auf unserer Website den Dienst Google Remarketing der Firma Google Inc., 1600 Amphitheatre Parkway, Mountain View, CA 94043 USA, nachfolgend \u201eGoogle\u201c ein. Mit Google-Remarketing k\u00f6nnen Anzeigen f\u00fcr Nutzer geschaltet werden, die unsere Webseite in der Vergangenheit bereits besucht haben. Innerhalb des Google-Werbenetzwerks k\u00f6nnen hierdurch an ihre Interessen angepasste Werbeanzeigen auf unserer Seite dargestellt werden. Google-Remarketing verwendet f\u00fcr diese Auswertung Cookies. Cookies sind kleine Textdateien, die auf Ihrem Computer gespeichert werden und die eine Analyse der Benutzung der Webseite erm\u00f6glicht. Hierdurch wird es erm\u00f6glicht, unsere Besucher wiederzuerkennen, sobald diese Webseiten innerhalb des Werbenetzwerks von Google aufrufen. Auf diese Weise k\u00f6nnen innerhalb des Werbenetzwerks von Google Werbeanzeigen pr\u00e4sentiert werden, die auf Inhalte bezogen sind, die der Besucher zuvor auf Webseiten des Werbenetzwerks von Google aufgerufen hat, die ebenfalls die Remarketing Funktion von Google verwenden. Google erhebt hierbei nach eigenen Angaben keine personenbezogenen Daten. Sie k\u00f6nnen diese Funktion deaktivieren, wenn Sie unter <a href=\"http:\/\/www.google.com\/settings\/ads\" target=\"_blank\" rel=\"noopener\">http:\/\/www.google.com\/settings\/ads<\/a> die entsprechenden Einstellungen vornehmen.<\/p>\n<h2>Auskunft\/Widerruf\/L\u00f6schung<\/h2>\n<p>Sie k\u00f6nnen sich aufgrund des Bundesdatenschutzgesetzes bei Fragen zur Erhebung, Verarbeitung oder Nutzung Ihrer personenbezogenen Daten und deren Berichtigung, Sperrung, L\u00f6schung oder einem Widerruf einer erteilten Einwilligung unentgeltlich an uns wenden. Wir weisen darauf hin, dass Ihnen ein Recht auf Berichtigung falscher Daten oder L\u00f6schung personenbezogener Daten zusteht, sollte diesem Anspruch keine gesetzliche Aufbewahrungspflicht entgegenstehen. <a href=\"https:\/\/www.ratgeberrecht.eu\/leistungen\/muster-datenschutzerklaerung.html\" target=\"_blank\" rel=\"noopener\">Muster-Datenschutzerkl\u00e4rung<\/a> der <a href=\"https:\/\/www.ratgeberrecht.eu\/\" target=\"_blank\" rel=\"noopener\">Anwaltskanzlei Wei\u00df &amp; Partner<\/a>[\/vc_column_text][\/vc_column][\/vc_row]<\/p>\n<\/div><\/div><\/div><\/div><\/div>\n","protected":false},"excerpt":{"rendered":"","protected":false},"author":3,"featured_media":0,"parent":0,"menu_order":0,"comment_status":"closed","ping_status":"closed","template":"100-width.php","meta":{"footnotes":""},"class_list":["post-6658","page","type-page","status-publish","hentry"],"_links":{"self":[{"href":"https:\/\/mehrblick.haus\/en\/wp-json\/wp\/v2\/pages\/6658","targetHints":{"allow":["GET"]}}],"collection":[{"href":"https:\/\/mehrblick.haus\/en\/wp-json\/wp\/v2\/pages"}],"about":[{"href":"https:\/\/mehrblick.haus\/en\/wp-json\/wp\/v2\/types\/page"}],"author":[{"embeddable":true,"href":"https:\/\/mehrblick.haus\/en\/wp-json\/wp\/v2\/users\/3"}],"replies":[{"embeddable":true,"href":"https:\/\/mehrblick.haus\/en\/wp-json\/wp\/v2\/comments?post=6658"}],"version-history":[{"count":6,"href":"https:\/\/mehrblick.haus\/en\/wp-json\/wp\/v2\/pages\/6658\/revisions"}],"predecessor-version":[{"id":7726,"href":"https:\/\/mehrblick.haus\/en\/wp-json\/wp\/v2\/pages\/6658\/revisions\/7726"}],"wp:attachment":[{"href":"https:\/\/mehrblick.haus\/en\/wp-json\/wp\/v2\/media?parent=6658"}],"curies":[{"name":"wp","href":"https:\/\/api.w.org\/{rel}","templated":true}]}}